{"id":1831,"date":"2026-02-19T15:47:55","date_gmt":"2026-02-19T15:47:55","guid":{"rendered":"https:\/\/www.parisrestaurantaero.com\/cartes\/"},"modified":"2026-04-18T20:24:02","modified_gmt":"2026-04-18T20:24:02","slug":"menus","status":"publish","type":"page","link":"https:\/\/www.parisrestaurantaero.com\/en\/menus\/","title":{"rendered":"Our menus"},"content":{"rendered":"\t\t<div data-elementor-type=\"wp-page\" data-elementor-id=\"1831\" class=\"elementor elementor-1831 elementor-746\" data-elementor-post-type=\"page\">\n\t\t\t\t<div data-dce-background-overlay-color=\"#02010100\" data-dce-background-image-url=\"https:\/\/www.parisrestaurantaero.com\/wp-content\/uploads\/avis-menu-aero.webp\" class=\"elementor-element elementor-element-347ccc5 e-con-full e-flex e-con e-parent\" data-id=\"347ccc5\" data-element_type=\"container\" data-e-type=\"container\" data-settings=\"{&quot;background_background&quot;:&quot;classic&quot;}\">\n\t\t\t\t<div data-dce-title-color=\"#FFFFFF\" class=\"elementor-element elementor-element-9fe042c elementor-widget elementor-widget-heading\" data-id=\"9fe042c\" data-element_type=\"widget\" data-e-type=\"widget\" data-widget_type=\"heading.default\">\n\t\t\t\t\t<h1 class=\"elementor-heading-title elementor-size-default\">Our menus<\/h1>\t\t\t\t<\/div>\n\t\t\t\t<\/div>\n\t\t<div data-dce-background-color=\"#742053\" class=\"elementor-element elementor-element-e1e54c3 e-flex e-con-boxed e-con e-parent\" data-id=\"e1e54c3\" data-element_type=\"container\" data-e-type=\"container\" data-settings=\"{&quot;background_background&quot;:&quot;classic&quot;}\">\n\t\t\t\t\t<div class=\"e-con-inner\">\n\t\t\t\t<div class=\"elementor-element elementor-element-60e4a43 elementor-widget__width-initial elementor-widget elementor-widget-text-editor\" data-id=\"60e4a43\" data-element_type=\"widget\" data-e-type=\"widget\" data-widget_type=\"text-editor.default\">\n\t\t\t\t\t\t\t\t\t<p>Just off the tarmac, <strong>A\u00e9ro Caf\u00e9 Bar Restaurant<\/strong> serves up generous, thoughtful cooking &#8211; the kind of stop that turns into a long layover. Market-fresh ingredients, a warm welcome, and a table well worth landing at.<\/p>\t\t\t\t\t\t\t\t<\/div>\n\t\t\t\t\t<\/div>\n\t\t\t\t<\/div>\n\t\t<div class=\"elementor-element elementor-element-caeb2fa e-flex e-con-boxed e-con e-parent\" data-id=\"caeb2fa\" data-element_type=\"container\" data-e-type=\"container\" data-settings=\"{&quot;background_background&quot;:&quot;classic&quot;}\">\n\t\t\t\t\t<div class=\"e-con-inner\">\n\t\t\t\t<div class=\"elementor-element elementor-element-f3ad1e8 elementor-widget__width-inherit elementor-widget elementor-widget-heading\" data-id=\"f3ad1e8\" data-element_type=\"widget\" data-e-type=\"widget\" data-widget_type=\"heading.default\">\n\t\t\t\t\t<h2 class=\"elementor-heading-title elementor-size-default\">Our menus<\/h2>\t\t\t\t<\/div>\n\t\t\t\t<div class=\"elementor-element elementor-element-d861666 elementor-widget elementor-widget-text-editor\" data-id=\"d861666\" data-element_type=\"widget\" data-e-type=\"widget\" data-widget_type=\"text-editor.default\">\n\t\t\t\t\t\t\t\t\t<p>Ready for takeoff &#8211; morning, noon and evening!<\/p>\t\t\t\t\t\t\t\t<\/div>\n\t\t\t\t<div class=\"elementor-element elementor-element-b415209 elementor-widget-divider--view-line elementor-widget elementor-widget-divider\" data-id=\"b415209\" data-element_type=\"widget\" data-e-type=\"widget\" data-widget_type=\"divider.default\">\n\t\t\t\t\t\t\t<div class=\"elementor-divider\">\n\t\t\t<span class=\"elementor-divider-separator\">\n\t\t\t\t\t\t<\/span>\n\t\t<\/div>\n\t\t\t\t\t\t<\/div>\n\t\t<div class=\"elementor-element elementor-element-f52640a e-con-full e-flex e-con e-child\" data-id=\"f52640a\" data-element_type=\"container\" data-e-type=\"container\">\n\t\t<div class=\"elementor-element elementor-element-2b00ddd e-con-full card-menu e-flex e-con e-child\" data-id=\"2b00ddd\" data-element_type=\"container\" data-e-type=\"container\" data-card=\"restaurant\">\n\t\t\t\t<div data-dce-title-color=\"#2D0C20\" class=\"elementor-element elementor-element-e8817f4 elementor-view-stacked elementor-shape-rounded elementor-position-inline-start elementor-widget-laptop__width-inherit elementor-widget-mobile__width-inherit elementor-widget__width-inherit nav-icon elementor-mobile-position-block-start elementor-widget elementor-widget-icon-box\" data-id=\"e8817f4\" data-element_type=\"widget\" data-e-type=\"widget\" data-widget_type=\"icon-box.default\">\n\t\t\t\t\t\t\t<div class=\"elementor-icon-box-wrapper\">\n\n\t\t\t\t\t\t<div class=\"elementor-icon-box-icon\">\n\t\t\t\t<span  class=\"elementor-icon\">\n\t\t\t\t<svg xmlns=\"http:\/\/www.w3.org\/2000\/svg\" width=\"48\" height=\"48\" viewBox=\"0 0 48 48\" fill=\"none\" class=\"nav-icon\"><path class=\"icon-bg\" d=\"M41.9851 31.9882V15.994C41.9843 15.2928 41.7992 14.6041 41.4483 13.9971C41.0974 13.39 40.593 12.8859 39.9858 12.5353L25.9908 4.53815C25.383 4.1872 24.6934 4.00244 23.9916 4.00244C23.2897 4.00244 22.6001 4.1872 21.9923 4.53815L7.99733 12.5353C7.39007 12.8859 6.88569 13.39 6.53478 13.9971C6.18387 14.6041 5.99877 15.2928 5.99805 15.994V31.9882C5.99877 32.6894 6.18387 33.3781 6.53478 33.9852C6.88569 34.5923 7.39007 35.0964 7.99733 35.447L21.9923 43.4441C22.6001 43.7951 23.2897 43.9798 23.9916 43.9798C24.6934 43.9798 25.383 43.7951 25.9908 43.4441L39.9858 35.447C40.593 35.0964 41.0974 34.5923 41.4483 33.9852C41.7992 33.3781 41.9843 32.6894 41.9851 31.9882Z\" stroke-width=\"1.99928\" stroke-linecap=\"round\" stroke-linejoin=\"round\"><\/path><path class=\"icon-fg\" d=\"M28.1469 31.478C28.3678 31.478 28.5797 31.3903 28.7359 31.2341C28.892 31.0779 28.9798 30.866 28.9798 30.6452V26.1894C28.9798 25.8088 29.243 25.4865 29.5853 25.3224C30.294 24.9843 30.8605 24.4068 31.1849 23.6916C31.5092 22.9765 31.5705 22.1698 31.3579 21.4139C31.1454 20.6579 30.6726 20.0014 30.0231 19.5601C29.3736 19.1188 28.589 18.9211 27.808 19.002C27.4863 18.2542 26.9525 17.6172 26.2727 17.1696C25.5928 16.722 24.7967 16.4834 23.9827 16.4834C23.1687 16.4834 22.3726 16.722 21.6927 17.1696C21.0129 17.6172 20.4791 18.2542 20.1575 19.002C19.3767 18.9217 18.5927 19.1197 17.9437 19.5609C17.2946 20.0022 16.8222 20.6584 16.6098 21.414C16.3973 22.1695 16.4584 22.9758 16.7823 23.6907C17.1062 24.4056 17.672 24.9832 18.3802 25.3216C18.7225 25.4865 18.9856 25.8088 18.9856 26.1886V30.6452C18.9856 30.866 19.0734 31.0779 19.2296 31.2341C19.3858 31.3903 19.5976 31.478 19.8185 31.478H28.1469Z\" stroke-width=\"1.66569\" stroke-linecap=\"round\" stroke-linejoin=\"round\"><\/path><path class=\"icon-fg\" d=\"M18.9854 28.1465H28.9795\" stroke-width=\"1.66569\" stroke-linecap=\"round\" stroke-linejoin=\"round\"><\/path><\/svg>\t\t\t\t<\/span>\n\t\t\t<\/div>\n\t\t\t\n\t\t\t\t\t\t<div class=\"elementor-icon-box-content\">\n\n\t\t\t\t\t\t\t\t\t<span class=\"elementor-icon-box-title\">\n\t\t\t\t\t\t<span  >\n\t\t\t\t\t\t\tRestaurant menu\t\t\t\t\t\t<\/span>\n\t\t\t\t\t<\/span>\n\t\t\t\t\n\t\t\t\t\t\t\t\t\t<p class=\"elementor-icon-box-description\">\n\t\t\t\t\t\tStarters \u2022 Mains \u2022 Desserts \u2022 Drinks \u2022 Wines\t\t\t\t\t<\/p>\n\t\t\t\t\n\t\t\t<\/div>\n\t\t\t\n\t\t<\/div>\n\t\t\t\t\t\t<\/div>\n\t\t\t\t<div data-dce-text-color=\"#595959\" class=\"elementor-element elementor-element-9ed1904 elementor-widget__width-initial elementor-widget-tablet__width-inherit elementor-widget elementor-widget-text-editor\" data-id=\"9ed1904\" data-element_type=\"widget\" data-e-type=\"widget\" data-widget_type=\"text-editor.default\">\n\t\t\t\t\t\t\t\t\t<p>Bistro classics done the A\u00e9ro way, with the <strong>famous house fries<\/strong> that keep people coming back.<\/p>\t\t\t\t\t\t\t\t<\/div>\n\t\t\t\t<div class=\"elementor-element elementor-element-6af6959 elementor-align-right elementor-mobile-align-center btn-blur elementor-widget elementor-widget-button\" data-id=\"6af6959\" data-element_type=\"widget\" data-e-type=\"widget\" data-widget_type=\"button.default\">\n\t\t\t\t\t\t\t\t\t\t<a class=\"elementor-button elementor-button-link elementor-size-sm\" href=\"https:\/\/www.parisrestaurantaero.com\/en\/menus\/restaurant-menu\/\">\n\t\t\t\t\t\t<span class=\"elementor-button-content-wrapper\">\n\t\t\t\t\t\t<span class=\"elementor-button-icon\">\n\t\t\t\t<svg aria-hidden=\"true\" class=\"e-font-icon-svg e-far-file-alt\" viewBox=\"0 0 384 512\" xmlns=\"http:\/\/www.w3.org\/2000\/svg\"><path d=\"M288 248v28c0 6.6-5.4 12-12 12H108c-6.6 0-12-5.4-12-12v-28c0-6.6 5.4-12 12-12h168c6.6 0 12 5.4 12 12zm-12 72H108c-6.6 0-12 5.4-12 12v28c0 6.6 5.4 12 12 12h168c6.6 0 12-5.4 12-12v-28c0-6.6-5.4-12-12-12zm108-188.1V464c0 26.5-21.5 48-48 48H48c-26.5 0-48-21.5-48-48V48C0 21.5 21.5 0 48 0h204.1C264.8 0 277 5.1 286 14.1L369.9 98c9 8.9 14.1 21.2 14.1 33.9zm-128-80V128h76.1L256 51.9zM336 464V176H232c-13.3 0-24-10.7-24-24V48H48v416h288z\"><\/path><\/svg>\t\t\t<\/span>\n\t\t\t\t\t\t\t\t\t<span class=\"elementor-button-text\">See the menu<\/span>\n\t\t\t\t\t<\/span>\n\t\t\t\t\t<\/a>\n\t\t\t\t\t\t\t\t<\/div>\n\t\t\t\t<\/div>\n\t\t<div class=\"elementor-element elementor-element-113b459 e-con-full card-menu e-flex e-con e-child\" data-id=\"113b459\" data-element_type=\"container\" data-e-type=\"container\" data-card=\"petit-dejeuner\">\n\t\t\t\t<div data-dce-title-color=\"#2D0C20\" class=\"elementor-element elementor-element-6df438a elementor-view-stacked elementor-shape-rounded elementor-position-inline-start elementor-widget-laptop__width-inherit elementor-widget-mobile__width-inherit elementor-widget__width-inherit elementor-mobile-position-block-start elementor-widget elementor-widget-icon-box\" data-id=\"6df438a\" data-element_type=\"widget\" data-e-type=\"widget\" data-widget_type=\"icon-box.default\">\n\t\t\t\t\t\t\t<div class=\"elementor-icon-box-wrapper\">\n\n\t\t\t\t\t\t<div class=\"elementor-icon-box-icon\">\n\t\t\t\t<span  class=\"elementor-icon\">\n\t\t\t\t<svg xmlns=\"http:\/\/www.w3.org\/2000\/svg\" width=\"48\" height=\"48\" viewBox=\"0 0 48 48\" fill=\"none\"><path class=\"icon-bg\" d=\"M41.9851 31.9882V15.994C41.9843 15.2928 41.7992 14.6041 41.4483 13.9971C41.0974 13.39 40.593 12.8859 39.9858 12.5353L25.9908 4.53815C25.383 4.1872 24.6934 4.00244 23.9916 4.00244C23.2897 4.00244 22.6001 4.1872 21.9923 4.53815L7.99733 12.5353C7.39007 12.8859 6.88569 13.39 6.53478 13.9971C6.18387 14.6041 5.99877 15.2928 5.99805 15.994V31.9882C5.99877 32.6894 6.18387 33.3781 6.53478 33.9852C6.88569 34.5923 7.39007 35.0964 7.99733 35.447L21.9923 43.4441C22.6001 43.7951 23.2897 43.9798 23.9916 43.9798C24.6934 43.9798 25.383 43.7951 25.9908 43.4441L39.9858 35.447C40.593 35.0964 41.0974 34.5923 41.4483 33.9852C41.7992 33.3781 41.9843 32.6894 41.9851 31.9882Z\" stroke-width=\"1.99928\" stroke-linecap=\"round\" stroke-linejoin=\"round\"><\/path><g clip-path=\"url(#clip-pdj)\"><path class=\"icon-fg\" d=\"M17.8197 24.9067L22.6418 22.2333C24.2159 21.3588 26.6312 23.7157 25.7317 25.3231L23.0499 30.162C21.3176 33.2768 14.6465 26.6723 17.8197 24.9067Z\" stroke-width=\"1.66569\" stroke-linecap=\"round\" stroke-linejoin=\"round\"><\/path><path class=\"icon-fg\" d=\"M22.7335 21.9003L21.9006 19.9931C21.6508 19.3851 21.3177 18.9854 20.6514 18.9854H17.7364C16.3122 18.9854 15.6543 19.4018 15.6543 21.0675C15.7241 22.5614 16.3132 23.9841 17.32 25.0901\" stroke-width=\"1.66569\" stroke-linecap=\"round\" stroke-linejoin=\"round\"><\/path><path class=\"icon-fg\" d=\"M20.6511 18.9852C20.6511 17.6943 20.851 15.6538 18.9854 15.6538C17.3197 15.6538 16.9033 17.4611 16.9033 18.9852\" stroke-width=\"1.66569\" stroke-linecap=\"round\" stroke-linejoin=\"round\"><\/path><path class=\"icon-fg\" d=\"M26.0648 25.2319L27.972 26.0648C28.58 26.3146 28.9798 26.6478 28.9798 27.314V30.229C28.9798 31.6532 28.5633 32.3111 26.8976 32.3111C25.4037 32.2413 23.981 31.6522 22.875 30.6454\" stroke-width=\"1.66569\" stroke-linecap=\"round\" stroke-linejoin=\"round\"><\/path><path class=\"icon-fg\" d=\"M28.9795 27.3138C30.2704 27.3138 32.3109 27.114 32.3109 28.9795C32.3109 30.6452 30.5036 31.0616 28.9795 31.0616\" stroke-width=\"1.66569\" stroke-linecap=\"round\" stroke-linejoin=\"round\"><\/path><\/g><defs><clipPath id=\"clip-pdj\"><rect width=\"19.9883\" height=\"19.9883\" fill=\"white\" transform=\"translate(13.9883 13.9883)\"><\/rect><\/clipPath><\/defs><\/svg>\t\t\t\t<\/span>\n\t\t\t<\/div>\n\t\t\t\n\t\t\t\t\t\t<div class=\"elementor-icon-box-content\">\n\n\t\t\t\t\t\t\t\t\t<span class=\"elementor-icon-box-title\">\n\t\t\t\t\t\t<span  >\n\t\t\t\t\t\t\tBreakfast menu\t\t\t\t\t\t<\/span>\n\t\t\t\t\t<\/span>\n\t\t\t\t\n\t\t\t\t\t\t\t\t\t<p class=\"elementor-icon-box-description\">\n\t\t\t\t\t\tSet Menus \u2022 Eggs \u2022 Hot Drinks \u2022 Pastries\t\t\t\t\t<\/p>\n\t\t\t\t\n\t\t\t<\/div>\n\t\t\t\n\t\t<\/div>\n\t\t\t\t\t\t<\/div>\n\t\t\t\t<div data-dce-text-color=\"#595959\" class=\"elementor-element elementor-element-d6e6690 elementor-widget__width-initial elementor-widget-tablet__width-inherit elementor-widget elementor-widget-text-editor\" data-id=\"d6e6690\" data-element_type=\"widget\" data-e-type=\"widget\" data-widget_type=\"text-editor.default\">\n\t\t\t\t\t\t\t\t\t<p>A proper Parisian breakfast &#8211; pastries, eggs any way you like, and coffee worth slowing down for.<\/p>\t\t\t\t\t\t\t\t<\/div>\n\t\t\t\t<div class=\"elementor-element elementor-element-8dafac4 elementor-align-right elementor-mobile-align-center btn-blur elementor-widget elementor-widget-button\" data-id=\"8dafac4\" data-element_type=\"widget\" data-e-type=\"widget\" data-widget_type=\"button.default\">\n\t\t\t\t\t\t\t\t\t\t<a class=\"elementor-button elementor-button-link elementor-size-sm\" href=\"https:\/\/www.parisrestaurantaero.com\/en\/menus\/breakfast-menu\/\">\n\t\t\t\t\t\t<span class=\"elementor-button-content-wrapper\">\n\t\t\t\t\t\t<span class=\"elementor-button-icon\">\n\t\t\t\t<svg aria-hidden=\"true\" class=\"e-font-icon-svg e-far-file-alt\" viewBox=\"0 0 384 512\" xmlns=\"http:\/\/www.w3.org\/2000\/svg\"><path d=\"M288 248v28c0 6.6-5.4 12-12 12H108c-6.6 0-12-5.4-12-12v-28c0-6.6 5.4-12 12-12h168c6.6 0 12 5.4 12 12zm-12 72H108c-6.6 0-12 5.4-12 12v28c0 6.6 5.4 12 12 12h168c6.6 0 12-5.4 12-12v-28c0-6.6-5.4-12-12-12zm108-188.1V464c0 26.5-21.5 48-48 48H48c-26.5 0-48-21.5-48-48V48C0 21.5 21.5 0 48 0h204.1C264.8 0 277 5.1 286 14.1L369.9 98c9 8.9 14.1 21.2 14.1 33.9zm-128-80V128h76.1L256 51.9zM336 464V176H232c-13.3 0-24-10.7-24-24V48H48v416h288z\"><\/path><\/svg>\t\t\t<\/span>\n\t\t\t\t\t\t\t\t\t<span class=\"elementor-button-text\">See the menu<\/span>\n\t\t\t\t\t<\/span>\n\t\t\t\t\t<\/a>\n\t\t\t\t\t\t\t\t<\/div>\n\t\t\t\t<\/div>\n\t\t<div class=\"elementor-element elementor-element-f32c1d8 e-con-full card-menu e-flex e-con e-child\" data-id=\"f32c1d8\" data-element_type=\"container\" data-e-type=\"container\" data-card=\"tea-time\">\n\t\t\t\t<div data-dce-title-color=\"#2D0C20\" class=\"elementor-element elementor-element-30340a1 elementor-view-stacked elementor-shape-rounded elementor-position-inline-start elementor-widget-laptop__width-inherit elementor-widget-mobile__width-inherit elementor-widget__width-inherit elementor-mobile-position-block-start elementor-widget elementor-widget-icon-box\" data-id=\"30340a1\" data-element_type=\"widget\" data-e-type=\"widget\" data-widget_type=\"icon-box.default\">\n\t\t\t\t\t\t\t<div class=\"elementor-icon-box-wrapper\">\n\n\t\t\t\t\t\t<div class=\"elementor-icon-box-icon\">\n\t\t\t\t<span  class=\"elementor-icon\">\n\t\t\t\t<svg xmlns=\"http:\/\/www.w3.org\/2000\/svg\" width=\"48\" height=\"48\" viewBox=\"0 0 48 48\" fill=\"none\"><path class=\"icon-bg\" d=\"M41.9851 31.9882V15.994C41.9843 15.2928 41.7992 14.6041 41.4483 13.9971C41.0974 13.39 40.593 12.8859 39.9858 12.5353L25.9908 4.53815C25.383 4.1872 24.6934 4.00244 23.9916 4.00244C23.2897 4.00244 22.6001 4.1872 21.9923 4.53815L7.99733 12.5353C7.39007 12.8859 6.88569 13.39 6.53478 13.9971C6.18387 14.6041 5.99877 15.2928 5.99805 15.994V31.9882C5.99877 32.6894 6.18387 33.3781 6.53478 33.9852C6.88569 34.5923 7.39007 35.0964 7.99733 35.447L21.9923 43.4441C22.6001 43.7951 23.2897 43.9798 23.9916 43.9798C24.6934 43.9798 25.383 43.7951 25.9908 43.4441L39.9858 35.447C40.593 35.0964 41.0974 34.5923 41.4483 33.9852C41.7992 33.3781 41.9843 32.6894 41.9851 31.9882Z\" stroke-width=\"1.99928\" stroke-linecap=\"round\" stroke-linejoin=\"round\"><\/path><g clip-path=\"url(#clip-tea)\"><path class=\"icon-fg\" d=\"M22.3164 15.6538V17.3195\" stroke-width=\"1.66569\" stroke-linecap=\"round\" stroke-linejoin=\"round\"><\/path><path class=\"icon-fg\" d=\"M25.6484 15.6538V17.3195\" stroke-width=\"1.66569\" stroke-linecap=\"round\" stroke-linejoin=\"round\"><\/path><path class=\"icon-fg\" d=\"M27.3143 20.6509C27.5352 20.6509 27.747 20.7386 27.9032 20.8948C28.0594 21.051 28.1472 21.2628 28.1472 21.4837V28.1465C28.1472 29.03 27.7962 29.8774 27.1714 30.5021C26.5467 31.1269 25.6993 31.4779 24.8158 31.4779H19.8187C18.9352 31.4779 18.0878 31.1269 17.463 30.5021C16.8383 29.8774 16.4873 29.03 16.4873 28.1465V21.4837C16.4873 21.2628 16.5751 21.051 16.7312 20.8948C16.8874 20.7386 17.0993 20.6509 17.3202 20.6509H28.98C29.8635 20.6509 30.7109 21.0019 31.3356 21.6266C31.9604 22.2514 32.3114 23.0987 32.3114 23.9823C32.3114 24.8658 31.9604 25.7132 31.3356 26.3379C30.7109 26.9627 29.8635 27.3136 28.98 27.3136H28.1472\" stroke-width=\"1.66569\" stroke-linecap=\"round\" stroke-linejoin=\"round\"><\/path><path class=\"icon-fg\" d=\"M18.9854 15.6538V17.3195\" stroke-width=\"1.66569\" stroke-linecap=\"round\" stroke-linejoin=\"round\"><\/path><\/g><defs><clipPath id=\"clip-tea\"><rect width=\"19.9883\" height=\"19.9883\" fill=\"white\" transform=\"translate(13.9883 13.9883)\"><\/rect><\/clipPath><\/defs><\/svg>\t\t\t\t<\/span>\n\t\t\t<\/div>\n\t\t\t\n\t\t\t\t\t\t<div class=\"elementor-icon-box-content\">\n\n\t\t\t\t\t\t\t\t\t<span class=\"elementor-icon-box-title\">\n\t\t\t\t\t\t<span  >\n\t\t\t\t\t\t\tBar &amp; Tapas Menu\t\t\t\t\t\t<\/span>\n\t\t\t\t\t<\/span>\n\t\t\t\t\n\t\t\t\t\t\t\t\t\t<p class=\"elementor-icon-box-description\">\n\t\t\t\t\t\tTapas \u2022 Signature Cocktails\t\t\t\t\t<\/p>\n\t\t\t\t\n\t\t\t<\/div>\n\t\t\t\n\t\t<\/div>\n\t\t\t\t\t\t<\/div>\n\t\t\t\t<div data-dce-text-color=\"#595959\" class=\"elementor-element elementor-element-fcb08f7 elementor-widget__width-initial elementor-widget-tablet__width-inherit elementor-widget elementor-widget-text-editor\" data-id=\"fcb08f7\" data-element_type=\"widget\" data-e-type=\"widget\" data-widget_type=\"text-editor.default\">\n\t\t\t\t\t\t\t\t\t<p>Platters, cocktails, good company. The kind of evening that doesn&#8217;t rush.<\/p>\t\t\t\t\t\t\t\t<\/div>\n\t\t\t\t<div class=\"elementor-element elementor-element-ad64d84 elementor-align-right elementor-mobile-align-center btn-blur elementor-widget elementor-widget-button\" data-id=\"ad64d84\" data-element_type=\"widget\" data-e-type=\"widget\" data-widget_type=\"button.default\">\n\t\t\t\t\t\t\t\t\t\t<a class=\"elementor-button elementor-button-link elementor-size-sm\" href=\"https:\/\/www.parisrestaurantaero.com\/en\/menus\/bar-tapas-menu\/\">\n\t\t\t\t\t\t<span class=\"elementor-button-content-wrapper\">\n\t\t\t\t\t\t<span class=\"elementor-button-icon\">\n\t\t\t\t<svg aria-hidden=\"true\" class=\"e-font-icon-svg e-far-file-alt\" viewBox=\"0 0 384 512\" xmlns=\"http:\/\/www.w3.org\/2000\/svg\"><path d=\"M288 248v28c0 6.6-5.4 12-12 12H108c-6.6 0-12-5.4-12-12v-28c0-6.6 5.4-12 12-12h168c6.6 0 12 5.4 12 12zm-12 72H108c-6.6 0-12 5.4-12 12v28c0 6.6 5.4 12 12 12h168c6.6 0 12-5.4 12-12v-28c0-6.6-5.4-12-12-12zm108-188.1V464c0 26.5-21.5 48-48 48H48c-26.5 0-48-21.5-48-48V48C0 21.5 21.5 0 48 0h204.1C264.8 0 277 5.1 286 14.1L369.9 98c9 8.9 14.1 21.2 14.1 33.9zm-128-80V128h76.1L256 51.9zM336 464V176H232c-13.3 0-24-10.7-24-24V48H48v416h288z\"><\/path><\/svg>\t\t\t<\/span>\n\t\t\t\t\t\t\t\t\t<span class=\"elementor-button-text\">See the menu<\/span>\n\t\t\t\t\t<\/span>\n\t\t\t\t\t<\/a>\n\t\t\t\t\t\t\t\t<\/div>\n\t\t\t\t<\/div>\n\t\t\t\t<\/div>\n\t\t<div class=\"elementor-element elementor-element-efed7e7 e-con-full e-flex e-con e-child\" data-id=\"efed7e7\" data-element_type=\"container\" data-e-type=\"container\">\n\t\t\t\t<div class=\"elementor-element elementor-element-d82db51 menu-img menu-img-restaurant elementor-widget elementor-widget-image\" data-id=\"d82db51\" data-element_type=\"widget\" data-e-type=\"widget\" data-widget_type=\"image.default\">\n\t\t\t\t\t\t\t\t\t\t\t\t\t\t\t<img fetchpriority=\"high\" decoding=\"async\" width=\"700\" height=\"876\" src=\"https:\/\/www.parisrestaurantaero.com\/wp-content\/uploads\/pates-fraiches-et-antipasti-restaurant-paris-16e.webp\" class=\"attachment-large size-large wp-image-1321\" alt=\"Assiette de p\u00e2tes fra\u00eeches enroul\u00e9es \u00e0 la fourchette et salade de falafels sur table de terrasse, restaurant A\u00e9ro Paris 16e\" srcset=\"https:\/\/www.parisrestaurantaero.com\/wp-content\/uploads\/pates-fraiches-et-antipasti-restaurant-paris-16e.webp 700w, https:\/\/www.parisrestaurantaero.com\/wp-content\/uploads\/pates-fraiches-et-antipasti-restaurant-paris-16e-240x300.webp 240w\" sizes=\"(max-width: 700px) 100vw, 700px\" \/>\t\t\t\t\t\t\t\t\t\t\t\t\t\t\t<\/div>\n\t\t\t\t<div class=\"elementor-element elementor-element-0e640ec menu-img menu-img-petit-dejeuner elementor-widget elementor-widget-image\" data-id=\"0e640ec\" data-element_type=\"widget\" data-e-type=\"widget\" data-widget_type=\"image.default\">\n\t\t\t\t\t\t\t\t\t\t\t\t\t\t\t<img decoding=\"async\" width=\"700\" height=\"876\" src=\"https:\/\/www.parisrestaurantaero.com\/wp-content\/uploads\/petit-dejeuner-au-cafe-paris-16e.webp\" class=\"attachment-large size-large wp-image-1322\" alt=\"Plateau petit-d\u00e9jeuner avec croissant, tartines, confiture, jus d&#039;orange et cappuccino, servi en salle au caf\u00e9 A\u00e9ro\" srcset=\"https:\/\/www.parisrestaurantaero.com\/wp-content\/uploads\/petit-dejeuner-au-cafe-paris-16e.webp 700w, https:\/\/www.parisrestaurantaero.com\/wp-content\/uploads\/petit-dejeuner-au-cafe-paris-16e-240x300.webp 240w\" sizes=\"(max-width: 700px) 100vw, 700px\" \/>\t\t\t\t\t\t\t\t\t\t\t\t\t\t\t<\/div>\n\t\t\t\t<div class=\"elementor-element elementor-element-b3bfcd0 menu-img menu-img-tea-time elementor-widget elementor-widget-image\" data-id=\"b3bfcd0\" data-element_type=\"widget\" data-e-type=\"widget\" data-widget_type=\"image.default\">\n\t\t\t\t\t\t\t\t\t\t\t\t\t\t\t<img decoding=\"async\" width=\"702\" height=\"878\" src=\"https:\/\/www.parisrestaurantaero.com\/wp-content\/uploads\/contact-menu-aero.webp\" class=\"attachment-large size-large wp-image-1496\" alt=\"Deux mains portant un toast avec un cocktail et un verre de vin blanc, terrasse du bar A\u00e9ro, table avec cacahu\u00e8tes et dessous-de-verre A\u00e9ro\" srcset=\"https:\/\/www.parisrestaurantaero.com\/wp-content\/uploads\/contact-menu-aero.webp 702w, https:\/\/www.parisrestaurantaero.com\/wp-content\/uploads\/contact-menu-aero-240x300.webp 240w\" sizes=\"(max-width: 702px) 100vw, 702px\" \/>\t\t\t\t\t\t\t\t\t\t\t\t\t\t\t<\/div>\n\t\t\t\t<\/div>\n\t\t\t\t\t<\/div>\n\t\t\t\t<\/div>\n\t\t\t\t<\/div>\n\t\t","protected":false},"excerpt":{"rendered":"<p>Just off the tarmac, A\u00e9ro Caf\u00e9 Bar Restaurant serves up generous, thoughtful cooking &#8211; the kind of stop that turns into a long layover. Market-fresh ingredients, a warm welcome, and a table well worth landing at. Our menus Ready for takeoff &#8211; morning, noon and evening! Restaurant menu Starters \u2022 Mains \u2022 Desserts \u2022 Drinks [&hellip;]<\/p>\n","protected":false},"author":1,"featured_media":1494,"parent":0,"menu_order":0,"comment_status":"closed","ping_status":"closed","template":"","meta":{"_acf_changed":false,"footnotes":""},"class_list":["post-1831","page","type-page","status-publish","has-post-thumbnail","hentry"],"acf":[],"_links":{"self":[{"href":"https:\/\/www.parisrestaurantaero.com\/en\/wp-json\/wp\/v2\/pages\/1831","targetHints":{"allow":["GET"]}}],"collection":[{"href":"https:\/\/www.parisrestaurantaero.com\/en\/wp-json\/wp\/v2\/pages"}],"about":[{"href":"https:\/\/www.parisrestaurantaero.com\/en\/wp-json\/wp\/v2\/types\/page"}],"author":[{"embeddable":true,"href":"https:\/\/www.parisrestaurantaero.com\/en\/wp-json\/wp\/v2\/users\/1"}],"replies":[{"embeddable":true,"href":"https:\/\/www.parisrestaurantaero.com\/en\/wp-json\/wp\/v2\/comments?post=1831"}],"version-history":[{"count":4,"href":"https:\/\/www.parisrestaurantaero.com\/en\/wp-json\/wp\/v2\/pages\/1831\/revisions"}],"predecessor-version":[{"id":1842,"href":"https:\/\/www.parisrestaurantaero.com\/en\/wp-json\/wp\/v2\/pages\/1831\/revisions\/1842"}],"wp:featuredmedia":[{"embeddable":true,"href":"https:\/\/www.parisrestaurantaero.com\/en\/wp-json\/wp\/v2\/media\/1494"}],"wp:attachment":[{"href":"https:\/\/www.parisrestaurantaero.com\/en\/wp-json\/wp\/v2\/media?parent=1831"}],"curies":[{"name":"wp","href":"https:\/\/api.w.org\/{rel}","templated":true}]}}